{"id":3552,"date":"2023-08-30T08:04:56","date_gmt":"2023-08-30T08:04:56","guid":{"rendered":"https:\/\/www.plasticsurgerysturkey.com\/?page_id=3552"},"modified":"2024-04-28T12:42:57","modified_gmt":"2024-04-28T12:42:57","slug":"karin-germe","status":"publish","type":"page","link":"https:\/\/www.plasticsurgerysturkey.com\/tr\/karin-germe\/","title":{"rendered":"Kar\u0131n Germe"},"content":{"rendered":"\t\t<div data-elementor-type=\"wp-page\" data-elementor-id=\"3552\" class=\"elementor elementor-3552 elementor-2592\">\n\t\t\t\t\t\t<header class=\"elementor-section elementor-top-section elementor-element elementor-element-34388875 elementor-section-full_width elementor-section-height-full elementor-section-content-middle parallax_section_holder elementor-section-height-default elementor-section-items-middle qode_elementor_container_no\" data-id=\"34388875\" data-element_type=\"section\" data-settings=\"{&quot;background_background&quot;:&quot;classic&quot;,&quot;qode_parallax_image&quot;:{&quot;url&quot;:&quot;&quot;,&quot;id&quot;:&quot;&quot;,&quot;size&quot;:&quot;&quot;}}\">\n\t\t\t\t\t\t\t<div class=\"elementor-background-overlay\"><\/div>\n\t\t\t\t\t\t\t<div class=\"elementor-container elementor-column-gap-default\">\n\t\t\t\t\t<div class=\"elementor-column elementor-col-100 elementor-top-column elementor-element elementor-element-3981dd47\" data-id=\"3981dd47\" data-element_type=\"column\">\n\t\t\t<div class=\"elementor-widget-wrap elementor-element-populated\">\n\t\t\t\t\t\t<section class=\"elementor-section elementor-inner-section elementor-element elementor-element-57c5c6ef qode_elementor_container_inner elementor-section-full_width elementor-section-height-min-height elementor-section-content-middle elementor-section-height-default parallax_section_no\" data-id=\"57c5c6ef\" data-element_type=\"section\">\n\t\t\t\t\t\t<div class=\"elementor-container elementor-column-gap-default\">\n\t\t\t\t\t<div class=\"elementor-column elementor-col-100 elementor-inner-column elementor-element elementor-element-4dd83399\" data-id=\"4dd83399\" data-element_type=\"column\">\n\t\t\t<div class=\"elementor-widget-wrap elementor-element-populated\">\n\t\t\t\t\t\t<div class=\"elementor-element elementor-element-4e8c4951 elementor-widget elementor-widget-text-editor\" data-id=\"4e8c4951\" data-element_type=\"widget\" data-widget_type=\"text-editor.default\">\n\t\t\t\t<div class=\"elementor-widget-container\">\n\t\t\t\t\t\t\t\t\t<div id=\"tw-target-text-container\" class=\"tw-ta-container F0azHf tw-nfl\" tabindex=\"0\">\n<h2 id=\"tw-target-text\" class=\"tw-data-text tw-text-large tw-ta\" dir=\"ltr\" data-placeholder=\"\u00c7eviri\"><span class=\"Y2IQFc\" lang=\"en\"><span style=\"vertical-align: inherit;\"><span style=\"vertical-align: inherit;\">KARIN GERME<\/span><\/span><\/span><\/h2>\n<h6 class=\"tw-data-text tw-text-large tw-ta\" dir=\"ltr\" data-placeholder=\"\u00c7eviri\"><span class=\"Y2IQFc\" lang=\"en\"><span style=\"vertical-align: inherit;\"><span style=\"vertical-align: inherit;\">Uzman doktorunuz t\u00fcm sorular\u0131n\u0131z\u0131 yan\u0131tl\u0131yor.<\/span><\/span><\/span><\/h6>\n<p><span style=\"vertical-align: inherit;\"><span style=\"vertical-align: inherit;\">Klasik, mini, lipoabdominoplasti<\/span><\/span><\/p>\n<\/div>\t\t\t\t\t\t\t\t<\/div>\n\t\t\t\t<\/div>\n\t\t\t\t<div class=\"elementor-element elementor-element-33cafbb8 elementor-widget elementor-widget-button\" data-id=\"33cafbb8\" data-element_type=\"widget\" data-widget_type=\"button.default\">\n\t\t\t\t<div class=\"elementor-widget-container\">\n\t\t\t\t\t\t\t\t\t<div class=\"elementor-button-wrapper\">\n\t\t\t\t\t<a class=\"elementor-button elementor-button-link elementor-size-md\" href=\"https:\/\/wa.me\/905523414199\">\n\t\t\t\t\t\t<span class=\"elementor-button-content-wrapper\">\n\t\t\t\t\t\t<span class=\"elementor-button-icon\">\n\t\t\t\t<svg aria-hidden=\"true\" class=\"e-font-icon-svg e-fab-whatsapp\" viewBox=\"0 0 448 512\" xmlns=\"http:\/\/www.w3.org\/2000\/svg\"><path d=\"M380.9 97.1C339 55.1 283.2 32 223.9 32c-122.4 0-222 99.6-222 222 0 39.1 10.2 77.3 29.6 111L0 480l117.7-30.9c32.4 17.7 68.9 27 106.1 27h.1c122.3 0 224.1-99.6 224.1-222 0-59.3-25.2-115-67.1-157zm-157 341.6c-33.2 0-65.7-8.9-94-25.7l-6.7-4-69.8 18.3L72 359.2l-4.4-7c-18.5-29.4-28.2-63.3-28.2-98.2 0-101.7 82.8-184.5 184.6-184.5 49.3 0 95.6 19.2 130.4 54.1 34.8 34.9 56.2 81.2 56.1 130.5 0 101.8-84.9 184.6-186.6 184.6zm101.2-138.2c-5.5-2.8-32.8-16.2-37.9-18-5.1-1.9-8.8-2.8-12.5 2.8-3.7 5.6-14.3 18-17.6 21.8-3.2 3.7-6.5 4.2-12 1.4-32.6-16.3-54-29.1-75.5-66-5.7-9.8 5.7-9.1 16.3-30.3 1.8-3.7.9-6.9-.5-9.7-1.4-2.8-12.5-30.1-17.1-41.2-4.5-10.8-9.1-9.3-12.5-9.5-3.2-.2-6.9-.2-10.6-.2-3.7 0-9.7 1.4-14.8 6.9-5.1 5.6-19.4 19-19.4 46.3 0 27.3 19.9 53.7 22.6 57.4 2.8 3.7 39.1 59.7 94.8 83.8 35.2 15.2 49 16.5 66.6 13.9 10.7-1.6 32.8-13.4 37.4-26.4 4.6-13 4.6-24.1 3.2-26.4-1.3-2.5-5-3.9-10.5-6.6z\"><\/path><\/svg>\t\t\t<\/span>\n\t\t\t\t\t\t\t\t\t<span class=\"elementor-button-text\">Online Dan\u0131\u015f\u0131n<\/span>\n\t\t\t\t\t<\/span>\n\t\t\t\t\t<\/a>\n\t\t\t\t<\/div>\n\t\t\t\t\t\t\t\t<\/div>\n\t\t\t\t<\/div>\n\t\t\t\t\t<\/div>\n\t\t<\/div>\n\t\t\t\t\t<\/div>\n\t\t<\/section>\n\t\t\t\t\t<\/div>\n\t\t<\/div>\n\t\t\t\t\t<\/div>\n\t\t<\/header>\n\t\t\t\t<section class=\"elementor-section elementor-top-section elementor-element elementor-element-300fe0ae elementor-section-full_width qode_elementor_container_inner elementor-section-height-default elementor-section-height-default parallax_section_no\" data-id=\"300fe0ae\" data-element_type=\"section\">\n\t\t\t\t\t\t<div class=\"elementor-container elementor-column-gap-default\">\n\t\t\t\t\t<div class=\"elementor-column elementor-col-50 elementor-top-column elementor-element elementor-element-478251e0\" data-id=\"478251e0\" data-element_type=\"column\">\n\t\t\t<div class=\"elementor-widget-wrap elementor-element-populated\">\n\t\t\t\t\t\t<div class=\"elementor-element elementor-element-16d3bbfb elementor-widget elementor-widget-text-editor\" data-id=\"16d3bbfb\" data-element_type=\"widget\" data-widget_type=\"text-editor.default\">\n\t\t\t\t<div class=\"elementor-widget-container\">\n\t\t\t\t\t\t\t\t\t<p><span style=\"vertical-align: inherit;\"><span style=\"vertical-align: inherit;\">Hamilelik sonras\u0131 veya kilo kayb\u0131 sonucu kar\u0131n b\u00f6lgesinde meydana gelen cilt yaralanmalar\u0131n\u0131n veya fazla derinin cerrahi olarak \u00e7\u0131kar\u0131lmas\u0131d\u0131r.\u00a0<\/span><\/span><\/p><p>\u00a0<\/p><p><span style=\"vertical-align: inherit;\"><span style=\"vertical-align: inherit;\">Operasyondan en fazla fayda g\u00f6recek hastalar diyet, spor veya bariatrik cerrahi ile sa\u011fl\u0131kl\u0131 kilolar\u0131na d\u00f6nen hastalar; <\/span><span style=\"vertical-align: inherit;\">Pilates, kar\u0131n germe egzersizleri ile g\u00fc\u00e7l\u00fc kas ve kas \u00f6rt\u00fcs\u00fc olu\u015fturulmu\u015f, pilates, kar\u0131n germe egzersizleri ile ancak d\u00fczelmeyen kar\u0131n derisi sarkmalar\u0131 olu\u015fmu\u015ftur.<\/span><\/span><\/p><p>\u00a0<\/p><p><span style=\"vertical-align: inherit;\"><span style=\"vertical-align: inherit;\">Ancak kar\u0131n bel ve s\u0131rt b\u00f6lgesinde deri alt\u0131 ya\u011flanmalar\u0131 olan, kilo veremeyen ve cildi sarkm\u0131\u015f hastalar da bu i\u015fleme uygundur. <\/span><span style=\"vertical-align: inherit;\">Kar\u0131n i\u00e7i ya\u011f fazlal\u0131\u011f\u0131 olan hastalar bu ameliyata uygun de\u011fildir.<\/span><\/span><\/p>\t\t\t\t\t\t\t\t<\/div>\n\t\t\t\t<\/div>\n\t\t\t\t<div class=\"elementor-element elementor-element-7b78996 elementor-widget elementor-widget-bridge_accordion\" data-id=\"7b78996\" data-element_type=\"widget\" data-widget_type=\"bridge_accordion.default\">\n\t\t\t\t<div class=\"elementor-widget-container\">\n\t\t\t\t\t\n        <div class=\"qode-accordion-holder clearfix qode-toggle qode-initial \">\n            <h6 class=\"clearfix qode-title-holder\">\n<span class=\"qode-tab-title\">\n\t\t\t<span class=\"qode-tab-title-icon\">\n\t\t\t<i class=\"qode_icon_font_awesome fa fa-plus \" ><\/i>\t\t<\/span>\n\t    <span class=\"qode-tab-title-inner\">\n        Klasik Kar\u0131n Germe    <\/span>\n<\/span>\n<span class=\"qode-accordion-mark\">\n    <span class=\"qode-accordion-mark-icon\">\n        <span class=\"icon_plus\"><\/span>\n        <span class=\"icon_minus-06\"><\/span>\n    <\/span>\n<\/span>\n<\/h6>\n<div  class=\"qode-accordion-content \" style=\"background-image: url()\">\n    <div class=\"qode-accordion-content-inner\">\n        <p><span style=\"vertical-align: inherit;\"><span style=\"vertical-align: inherit;\">\u00c7atlaklar\u0131n \u00e7o\u011fu giderilir ve g\u00f6bek deli\u011fi \u00fczerindeki \u00e7atlaklar a\u015fa\u011f\u0131ya do\u011fru \u00e7ekilerek gizlenir. <\/span><span style=\"vertical-align: inherit;\">\u015eiddetli kar\u0131n sarkmas\u0131 olan hastalarda yap\u0131l\u0131r. <\/span><span style=\"vertical-align: inherit;\">\u00c7o\u011fu zaman kar\u0131n kaslar\u0131n\u0131n ayr\u0131lmas\u0131 da e\u015flik etti\u011finden plikasyon (kas \u00f6rt\u00fcs\u00fcn\u00fcn diki\u015flerle birbirine yakla\u015ft\u0131r\u0131larak bir t\u00fcr i\u00e7 korse olu\u015fturulmas\u0131 i\u015flemi) uygulan\u0131r. <\/span><span style=\"vertical-align: inherit;\">\u00c7o\u011fu zaman abdominal liposuction ile kombine edilir.<\/span><\/span><\/p>    <\/div>\n<\/div><h6 class=\"clearfix qode-title-holder\">\n<span class=\"qode-tab-title\">\n\t\t\t<span class=\"qode-tab-title-icon\">\n\t\t\t<i class=\"qode_icon_font_awesome fa fa-plus \" ><\/i>\t\t<\/span>\n\t    <span class=\"qode-tab-title-inner\">\n        Mini Kar\u0131n Germe    <\/span>\n<\/span>\n<span class=\"qode-accordion-mark\">\n    <span class=\"qode-accordion-mark-icon\">\n        <span class=\"icon_plus\"><\/span>\n        <span class=\"icon_minus-06\"><\/span>\n    <\/span>\n<\/span>\n<\/h6>\n<div  class=\"qode-accordion-content \" style=\"background-image: url()\">\n    <div class=\"qode-accordion-content-inner\">\n        <p><span style=\"vertical-align: inherit;\"><span style=\"vertical-align: inherit;\">Cilt sarkmas\u0131n\u0131n g\u00f6bek alt\u0131nda k\u00fc\u00e7\u00fck bir alanla s\u0131n\u0131rl\u0131 oldu\u011fu durumlarda tercih edilir. <\/span><span style=\"vertical-align: inherit;\">G\u00f6bek \u00e7evresinde plikasyon yap\u0131labilecek bir kesi yoktur ancak kar\u0131n germe i\u015fleminin etkisi nedeniyle g\u00f6bek deli\u011fi biraz a\u015fa\u011f\u0131 do\u011fru yer de\u011fi\u015ftirmi\u015ftir.<\/span><\/span><\/p>    <\/div>\n<\/div><h6 class=\"clearfix qode-title-holder\">\n<span class=\"qode-tab-title\">\n\t\t\t<span class=\"qode-tab-title-icon\">\n\t\t\t<i class=\"qode_icon_font_awesome fa fa-plus \" ><\/i>\t\t<\/span>\n\t    <span class=\"qode-tab-title-inner\">\n        Lipoabdominoplasty    <\/span>\n<\/span>\n<span class=\"qode-accordion-mark\">\n    <span class=\"qode-accordion-mark-icon\">\n        <span class=\"icon_plus\"><\/span>\n        <span class=\"icon_minus-06\"><\/span>\n    <\/span>\n<\/span>\n<\/h6>\n<div  class=\"qode-accordion-content \" style=\"background-image: url()\">\n    <div class=\"qode-accordion-content-inner\">\n        <p><span style=\"vertical-align: inherit;\"><span style=\"vertical-align: inherit;\">Kar\u0131n germe ameliyat\u0131, v\u00fccut kitle indeksi &gt;25 olan veya 360\u00b0 \u015fekillendirme gerektiren durumlarda s\u0131rt, bel ve kar\u0131n b\u00f6lgesine liposuction yap\u0131ld\u0131ktan sonra yap\u0131lan kar\u0131n germe ameliyat\u0131d\u0131r.<\/span><\/span><\/p>    <\/div>\n<\/div>        <\/div>\n\n        \t\t\t\t<\/div>\n\t\t\t\t<\/div>\n\t\t\t\t\t<\/div>\n\t\t<\/div>\n\t\t\t\t<div class=\"elementor-column elementor-col-50 elementor-top-column elementor-element elementor-element-626709c2\" data-id=\"626709c2\" data-element_type=\"column\">\n\t\t\t<div class=\"elementor-widget-wrap elementor-element-populated\">\n\t\t\t\t\t\t<div class=\"elementor-element elementor-element-3b8e4181 elementor-widget elementor-widget-bridge_accordion\" data-id=\"3b8e4181\" data-element_type=\"widget\" data-widget_type=\"bridge_accordion.default\">\n\t\t\t\t<div class=\"elementor-widget-container\">\n\t\t\t\t\t\n        <div class=\"qode-accordion-holder clearfix qode-accordion qode-initial \">\n            <h6 class=\"clearfix qode-title-holder\">\n<span class=\"qode-tab-title\">\n\t\t\t<span class=\"qode-tab-title-icon\">\n\t\t\t<i class=\"qode_icon_font_awesome fa fa-plus \" ><\/i>\t\t<\/span>\n\t    <span class=\"qode-tab-title-inner\">\n        Nas\u0131l Randevu Alabilirim?    <\/span>\n<\/span>\n<span class=\"qode-accordion-mark\">\n    <span class=\"qode-accordion-mark-icon\">\n        <span class=\"icon_plus\"><\/span>\n        <span class=\"icon_minus-06\"><\/span>\n    <\/span>\n<\/span>\n<\/h6>\n<div  class=\"qode-accordion-content \" style=\"background-image: url()\">\n    <div class=\"qode-accordion-content-inner\">\n        <ul><li><span style=\"vertical-align: inherit;\"><span style=\"vertical-align: inherit;\"><span style=\"vertical-align: inherit;\"><span style=\"vertical-align: inherit;\">Telefon, WhatsApp veya kay\u0131t yapmay\u0131 doldurup g\u00f6ndererek randevu alabilirsiniz.<\/span><\/span><\/span><\/span><\/li><li><a href=\"https:\/\/www.plasticsurgerysturkey.com\/tr\/iletisim\"><span style=\"vertical-align: inherit;\"><span style=\"vertical-align: inherit;\"><span style=\"vertical-align: inherit;\"><span style=\"vertical-align: inherit;\">T\u00fcm ileti\u015fim par\u00e7alar\u0131n\u0131 burada bulabilirsiniz &gt;&gt;&gt;<\/span><\/span><\/span><\/span><\/a><\/li><\/ul>    <\/div>\n<\/div><h6 class=\"clearfix qode-title-holder\">\n<span class=\"qode-tab-title\">\n\t\t\t<span class=\"qode-tab-title-icon\">\n\t\t\t<i class=\"qode_icon_font_awesome fa fa-plus \" ><\/i>\t\t<\/span>\n\t    <span class=\"qode-tab-title-inner\">\n        Kar\u0131n germe ameliyatlar\u0131 \u00e7ok a\u011fr\u0131l\u0131 m\u0131d\u0131r? \u0130\u015fe ne zaman d\u00f6nebilirim?    <\/span>\n<\/span>\n<span class=\"qode-accordion-mark\">\n    <span class=\"qode-accordion-mark-icon\">\n        <span class=\"icon_plus\"><\/span>\n        <span class=\"icon_minus-06\"><\/span>\n    <\/span>\n<\/span>\n<\/h6>\n<div  class=\"qode-accordion-content \" style=\"background-image: url()\">\n    <div class=\"qode-accordion-content-inner\">\n        <p><span style=\"vertical-align: inherit;\"><span style=\"vertical-align: inherit;\"><span style=\"vertical-align: inherit;\"><span style=\"vertical-align: inherit;\">Kas \u00f6rt\u00fcs\u00fcn\u00fcn plikasyonu ve yo\u011fun liposuction a\u011fr\u0131l\u0131 i\u015flemlerdir. <\/span><\/span><\/span><span style=\"vertical-align: inherit;\"><span style=\"vertical-align: inherit;\"><span style=\"vertical-align: inherit;\">Ancak bu a\u011fr\u0131y\u0131 hafifletmek i\u00e7in ameliyat s\u0131ras\u0131nda sinir blokajlar\u0131, ameliyat sonras\u0131nda kesici a\u011fr\u0131lar kullan\u0131l\u0131r. <\/span><\/span><\/span><span style=\"vertical-align: inherit;\"><span style=\"vertical-align: inherit;\"><span style=\"vertical-align: inherit;\">Bu sayede bir\u00e7ok hasta i\u00e7in iyile\u015fme s\u00fcresi hafif veya orta \u015fiddette a\u011fr\u0131 s\u0131n\u0131r\u0131ndad\u0131r. <\/span><\/span><\/span><span style=\"vertical-align: inherit;\"><span style=\"vertical-align: inherit;\"><span style=\"vertical-align: inherit;\">\u0130yile\u015fme s\u00fcrecinin normal sonu\u00e7lar\u0131 i\u00e7erisinde oldu\u011fu s\u00fcre boyunca 10 g\u00fcn ile 2 hafta aras\u0131nda ofis ortam\u0131nda \u00e7al\u0131\u015fmaya ba\u015flayabilirsiniz.<\/span><\/span><\/span><\/span><\/p>    <\/div>\n<\/div><h6 class=\"clearfix qode-title-holder\">\n<span class=\"qode-tab-title\">\n\t\t\t<span class=\"qode-tab-title-icon\">\n\t\t\t<i class=\"qode_icon_font_awesome fa fa-plus \" ><\/i>\t\t<\/span>\n\t    <span class=\"qode-tab-title-inner\">\n        \u0130\u015flemin yan etkileri var m\u0131?    <\/span>\n<\/span>\n<span class=\"qode-accordion-mark\">\n    <span class=\"qode-accordion-mark-icon\">\n        <span class=\"icon_plus\"><\/span>\n        <span class=\"icon_minus-06\"><\/span>\n    <\/span>\n<\/span>\n<\/h6>\n<div  class=\"qode-accordion-content \" style=\"background-image: url()\">\n    <div class=\"qode-accordion-content-inner\">\n        <p><span style=\"vertical-align: inherit;\"><span style=\"vertical-align: inherit;\"><span style=\"vertical-align: inherit;\"><span style=\"vertical-align: inherit;\">Cerrahi ve anestezinin yan etkileri. <\/span><\/span><\/span><span style=\"vertical-align: inherit;\"><span style=\"vertical-align: inherit;\"><span style=\"vertical-align: inherit;\">Ge\u00e7ici yara izi ve bel kal\u0131c\u0131 yara iyile\u015fmesi sorunlar\u0131, \u00f6zellikle sigara kullanan diyabet (\u015feker)hastal\u0131\u011f\u0131n olu\u015fturdu\u011fu gruplar veya genetik olarak yara iyile\u015fmesi sorunu g\u00f6r\u00fcl\u00fcr. <\/span><\/span><\/span><span style=\"vertical-align: inherit;\"><span style=\"vertical-align: inherit;\"><span style=\"vertical-align: inherit;\">Kitlesel p\u0131ht\u0131la\u015fma (hematom), doku s\u0131v\u0131 paras\u0131 (seroma), Kahve makinesinin hipertrofik skar ya\u011f embolisi<\/span><\/span><\/span><\/span><\/p>    <\/div>\n<\/div><h6 class=\"clearfix qode-title-holder\">\n<span class=\"qode-tab-title\">\n\t\t\t<span class=\"qode-tab-title-icon\">\n\t\t\t<i class=\"qode_icon_font_awesome fa fa-plus \" ><\/i>\t\t<\/span>\n\t    <span class=\"qode-tab-title-inner\">\n        Kar\u0131n germe ameliyat\u0131ndan sonra tekrar hamile kalabilir miyim?    <\/span>\n<\/span>\n<span class=\"qode-accordion-mark\">\n    <span class=\"qode-accordion-mark-icon\">\n        <span class=\"icon_plus\"><\/span>\n        <span class=\"icon_minus-06\"><\/span>\n    <\/span>\n<\/span>\n<\/h6>\n<div  class=\"qode-accordion-content \" style=\"background-image: url()\">\n    <div class=\"qode-accordion-content-inner\">\n        <p><span style=\"vertical-align: inherit;\"><span style=\"vertical-align: inherit;\"><span style=\"vertical-align: inherit;\"><span style=\"vertical-align: inherit;\">Bu ameliyattan sonra hamilelikte kalman\u0131n bir kayb\u0131 yoktur ancak \u00fcreme plan\u0131 yap\u0131lm\u0131yorsa b\u00f6l\u00fcnme m\u00fcmk\u00fcnse bu ameliyat\u0131 olmalar\u0131n\u0131 \u00f6neriyorum. <\/span><\/span><\/span><span style=\"vertical-align: inherit;\"><span style=\"vertical-align: inherit;\"><span style=\"vertical-align: inherit;\">Aksi takdirde liposuction ile birlikte plikasyonsuz kar\u0131n germe ameliyat\u0131 da yap\u0131labilir.<\/span><\/span><\/span><\/span><\/p>    <\/div>\n<\/div><h6 class=\"clearfix qode-title-holder\">\n<span class=\"qode-tab-title\">\n\t\t\t<span class=\"qode-tab-title-icon\">\n\t\t\t<i class=\"qode_icon_font_awesome fa fa-plus \" ><\/i>\t\t<\/span>\n\t    <span class=\"qode-tab-title-inner\">\n        Bu ameliyat\u0131 yaz aylar\u0131nda yapt\u0131rabilir miyim?    <\/span>\n<\/span>\n<span class=\"qode-accordion-mark\">\n    <span class=\"qode-accordion-mark-icon\">\n        <span class=\"icon_plus\"><\/span>\n        <span class=\"icon_minus-06\"><\/span>\n    <\/span>\n<\/span>\n<\/h6>\n<div  class=\"qode-accordion-content \" style=\"background-image: url()\">\n    <div class=\"qode-accordion-content-inner\">\n        <p><span style=\"vertical-align: inherit;\"><span style=\"vertical-align: inherit;\"><span style=\"vertical-align: inherit;\"><span style=\"vertical-align: inherit;\">S\u0131cak ve nemli havadaki yara iyile\u015fmesini olumsuz etkileyebilir. <\/span><\/span><\/span><span style=\"vertical-align: inherit;\"><span style=\"vertical-align: inherit;\"><span style=\"vertical-align: inherit;\">\u00d6zellikle sigara kullan\u0131m\u0131, diyabet ve ast\u0131m hastal\u0131klar\u0131 gibi ek risk oranlar\u0131nda yara iyile\u015fmesi sorunlar\u0131 gibi yan etkilerin g\u00f6r\u00fclme s\u0131kl\u0131\u011f\u0131 artmaktad\u0131r. <\/span><\/span><\/span><span style=\"vertical-align: inherit;\"><span style=\"vertical-align: inherit;\"><span style=\"vertical-align: inherit;\">Ancak, C vitaminleri, D, A, B, selenyum, glutatyon gibi vitamin ve minerallerin doldurulmas\u0131, sigara t\u00fcketimi azalt\u0131larak bu riskler azalt\u0131larak bu operasyonlar yaz aylar\u0131nda planlanabilir. <\/span><\/span><\/span><span style=\"vertical-align: inherit;\"><span style=\"vertical-align: inherit;\"><span style=\"vertical-align: inherit;\">Ayr\u0131ca s\u0131cak havalarda giyilecek korsenin yo\u011funlu\u011fu da dikkate al\u0131nmaz.<\/span><\/span><\/span><\/span><\/p>    <\/div>\n<\/div>        <\/div>\n\n        \t\t\t\t<\/div>\n\t\t\t\t<\/div>\n\t\t\t\t\t<\/div>\n\t\t<\/div>\n\t\t\t\t\t<\/div>\n\t\t<\/section>\n\t\t\t\t<section class=\"elementor-section elementor-top-section elementor-element elementor-element-7e83bae7 elementor-section-boxed elementor-section-height-default elementor-section-height-default parallax_section_no qode_elementor_container_no\" data-id=\"7e83bae7\" data-element_type=\"section\">\n\t\t\t\t\t\t<div class=\"elementor-container elementor-column-gap-default\">\n\t\t\t\t\t<div class=\"elementor-column elementor-col-100 elementor-top-column elementor-element elementor-element-5e3570c5\" data-id=\"5e3570c5\" data-element_type=\"column\">\n\t\t\t<div class=\"elementor-widget-wrap elementor-element-populated\">\n\t\t\t\t\t\t<div class=\"elementor-element elementor-element-5cb7f645 elementor-widget-divider--view-line elementor-widget elementor-widget-divider\" data-id=\"5cb7f645\" data-element_type=\"widget\" data-widget_type=\"divider.default\">\n\t\t\t\t<div class=\"elementor-widget-container\">\n\t\t\t\t\t\t\t<div class=\"elementor-divider\">\n\t\t\t<span class=\"elementor-divider-separator\">\n\t\t\t\t\t\t<\/span>\n\t\t<\/div>\n\t\t\t\t\t\t<\/div>\n\t\t\t\t<\/div>\n\t\t\t\t\t<\/div>\n\t\t<\/div>\n\t\t\t\t\t<\/div>\n\t\t<\/section>\n\t\t\t\t<section class=\"elementor-section elementor-top-section elementor-element elementor-element-b3f29ab elementor-hidden-desktop elementor-hidden-tablet elementor-hidden-mobile elementor-section-boxed elementor-section-height-default elementor-section-height-default parallax_section_no qode_elementor_container_no\" data-id=\"b3f29ab\" data-element_type=\"section\">\n\t\t\t\t\t\t<div class=\"elementor-container elementor-column-gap-default\">\n\t\t\t\t\t<div class=\"elementor-column elementor-col-100 elementor-top-column elementor-element elementor-element-5fbdfa4f\" data-id=\"5fbdfa4f\" data-element_type=\"column\">\n\t\t\t<div class=\"elementor-widget-wrap elementor-element-populated\">\n\t\t\t\t\t\t<div class=\"elementor-element elementor-element-20dbdd20 elementor-widget elementor-widget-qi_addons_for_elementor_before_after\" data-id=\"20dbdd20\" data-element_type=\"widget\" data-widget_type=\"qi_addons_for_elementor_before_after.default\">\n\t\t\t\t<div class=\"elementor-widget-container\">\n\t\t\t\t\t<div class=\"qodef-shortcode qodef-m qodef-qi-before-after qodef--horizontal\">\n\t<div class=\"qodef-before-after-image-holder qodef-m-image\" data-offset=\"50\">\n\t\t<img fetchpriority=\"high\" decoding=\"async\" width=\"1280\" height=\"720\" src=\"https:\/\/www.plasticsurgerysturkey.com\/wp-content\/uploads\/2023\/08\/tummy-truck-turkey-after.jpg\" class=\"attachment-full size-full\" alt=\"\" srcset=\"https:\/\/www.plasticsurgerysturkey.com\/wp-content\/uploads\/2023\/08\/tummy-truck-turkey-after.jpg 1280w, https:\/\/www.plasticsurgerysturkey.com\/wp-content\/uploads\/2023\/08\/tummy-truck-turkey-after-300x169.jpg 300w, https:\/\/www.plasticsurgerysturkey.com\/wp-content\/uploads\/2023\/08\/tummy-truck-turkey-after-1024x576.jpg 1024w, https:\/\/www.plasticsurgerysturkey.com\/wp-content\/uploads\/2023\/08\/tummy-truck-turkey-after-768x432.jpg 768w, https:\/\/www.plasticsurgerysturkey.com\/wp-content\/uploads\/2023\/08\/tummy-truck-turkey-after-700x394.jpg 700w, https:\/\/www.plasticsurgerysturkey.com\/wp-content\/uploads\/2023\/08\/tummy-truck-turkey-after-539x303.jpg 539w\" sizes=\"(max-width: 1280px) 100vw, 1280px\" \/><img decoding=\"async\" width=\"1280\" height=\"720\" src=\"https:\/\/www.plasticsurgerysturkey.com\/wp-content\/uploads\/2023\/08\/tummy-truck-turkey-before.jpg\" class=\"attachment-full size-full\" alt=\"\" srcset=\"https:\/\/www.plasticsurgerysturkey.com\/wp-content\/uploads\/2023\/08\/tummy-truck-turkey-before.jpg 1280w, https:\/\/www.plasticsurgerysturkey.com\/wp-content\/uploads\/2023\/08\/tummy-truck-turkey-before-300x169.jpg 300w, https:\/\/www.plasticsurgerysturkey.com\/wp-content\/uploads\/2023\/08\/tummy-truck-turkey-before-1024x576.jpg 1024w, https:\/\/www.plasticsurgerysturkey.com\/wp-content\/uploads\/2023\/08\/tummy-truck-turkey-before-768x432.jpg 768w, https:\/\/www.plasticsurgerysturkey.com\/wp-content\/uploads\/2023\/08\/tummy-truck-turkey-before-700x394.jpg 700w, https:\/\/www.plasticsurgerysturkey.com\/wp-content\/uploads\/2023\/08\/tummy-truck-turkey-before-539x303.jpg 539w\" sizes=\"(max-width: 1280px) 100vw, 1280px\" \/>\t<\/div>\n\t\t\t<div class=\"qodef-handle-text\">\n\t\t\t&lt; Drag &gt;\t\t<\/div>\n\t<\/div>\n\t\t\t\t<\/div>\n\t\t\t\t<\/div>\n\t\t\t\t\t<\/div>\n\t\t<\/div>\n\t\t\t\t\t<\/div>\n\t\t<\/section>\n\t\t\t\t<\/div>\n\t\t","protected":false},"excerpt":{"rendered":"<p>KARIN GERME Uzman doktorunuz t\u00fcm sorular\u0131n\u0131z\u0131 yan\u0131tl\u0131yor. Klasik, mini, lipoabdominoplasti Online Dan\u0131\u015f\u0131n Hamilelik&#8230;<\/p>\n","protected":false},"author":1,"featured_media":0,"parent":0,"menu_order":0,"comment_status":"closed","ping_status":"closed","template":"full_width.php","meta":{"footnotes":""},"class_list":["post-3552","page","type-page","status-publish","hentry"],"aioseo_notices":[],"_links":{"self":[{"href":"https:\/\/www.plasticsurgerysturkey.com\/tr\/wp-json\/wp\/v2\/pages\/3552","targetHints":{"allow":["GET"]}}],"collection":[{"href":"https:\/\/www.plasticsurgerysturkey.com\/tr\/wp-json\/wp\/v2\/pages"}],"about":[{"href":"https:\/\/www.plasticsurgerysturkey.com\/tr\/wp-json\/wp\/v2\/types\/page"}],"author":[{"embeddable":true,"href":"https:\/\/www.plasticsurgerysturkey.com\/tr\/wp-json\/wp\/v2\/users\/1"}],"replies":[{"embeddable":true,"href":"https:\/\/www.plasticsurgerysturkey.com\/tr\/wp-json\/wp\/v2\/comments?post=3552"}],"version-history":[{"count":13,"href":"https:\/\/www.plasticsurgerysturkey.com\/tr\/wp-json\/wp\/v2\/pages\/3552\/revisions"}],"predecessor-version":[{"id":3791,"href":"https:\/\/www.plasticsurgerysturkey.com\/tr\/wp-json\/wp\/v2\/pages\/3552\/revisions\/3791"}],"wp:attachment":[{"href":"https:\/\/www.plasticsurgerysturkey.com\/tr\/wp-json\/wp\/v2\/media?parent=3552"}],"curies":[{"name":"wp","href":"https:\/\/api.w.org\/{rel}","templated":true}]}}